{"id":446,"date":"2023-05-15T10:10:40","date_gmt":"2023-05-15T08:10:40","guid":{"rendered":"https:\/\/www.cyclointima.fr\/?page_id=446"},"modified":"2023-05-20T09:03:35","modified_gmt":"2023-05-20T07:03:35","slug":"documentaire","status":"publish","type":"page","link":"https:\/\/www.cyclointima.fr\/en\/documentaire\/","title":{"rendered":"Documentary"},"content":{"rendered":"<div data-elementor-type=\"wp-page\" data-elementor-id=\"446\" class=\"elementor elementor-446\">\n\t\t\t\t\t\t\t<div class=\"elementor-element elementor-element-dec8b4d e-con-boxed e-flex e-con\" data-id=\"dec8b4d\" data-element_type=\"container\" data-settings=\"{&quot;background_background&quot;:&quot;classic&quot;,&quot;content_width&quot;:&quot;boxed&quot;}\" data-e-bg-lazyload=\"\">\n\t\t\t\t\t<div class=\"e-con-inner\">\n\t\t<div class=\"elementor-element elementor-element-cb2d7d4 e-con-boxed e-flex e-con\" data-id=\"cb2d7d4\" data-element_type=\"container\" data-settings=\"{&quot;content_width&quot;:&quot;boxed&quot;}\">\n\t\t\t\t\t<div class=\"e-con-inner\">\n\t\t\t\t<div class=\"elementor-element elementor-element-b1ae312 elementor-widget elementor-widget-heading\" data-id=\"b1ae312\" data-element_type=\"widget\" data-widget_type=\"heading.default\">\n\t\t\t\t<div class=\"elementor-widget-container\">\n\t\t\t<style>\/*! elementor - v3.13.2 - 11-05-2023 *\/\n.elementor-heading-title{padding:0;margin:0;line-height:1}.elementor-widget-heading .elementor-heading-title[class*=elementor-size-]>a{color:inherit;font-size:inherit;line-height:inherit}.elementor-widget-heading .elementor-heading-title.elementor-size-small{font-size:15px}.elementor-widget-heading .elementor-heading-title.elementor-size-medium{font-size:19px}.elementor-widget-heading .elementor-heading-title.elementor-size-large{font-size:29px}.elementor-widget-heading .elementor-heading-title.elementor-size-xl{font-size:39px}.elementor-widget-heading .elementor-heading-title.elementor-size-xxl{font-size:59px}<\/style><h1 class=\"elementor-heading-title elementor-size-default\">Documentary<\/h1>\t\t<\/div>\n\t\t\t\t<\/div>\n\t\t\t\t\t<\/div>\n\t\t\t\t<\/div>\n\t\t\t\t\t<\/div>\n\t\t\t\t<\/div>\n\t\t<div class=\"elementor-element elementor-element-30df24e e-con-boxed e-flex e-con\" data-id=\"30df24e\" data-element_type=\"container\" data-settings=\"{&quot;content_width&quot;:&quot;boxed&quot;}\">\n\t\t\t\t\t<div class=\"e-con-inner\">\n\t\t<div class=\"elementor-element elementor-element-34319a3 e-con-boxed e-flex e-con\" data-id=\"34319a3\" data-element_type=\"container\" data-settings=\"{&quot;content_width&quot;:&quot;boxed&quot;}\">\n\t\t\t\t\t<div class=\"e-con-inner\">\n\t\t<div class=\"elementor-element elementor-element-7053062 e-con-full e-flex e-con\" data-id=\"7053062\" data-element_type=\"container\" data-settings=\"{&quot;content_width&quot;:&quot;full&quot;}\">\n\t\t\t\t<div class=\"elementor-element elementor-element-f2ce9e3 elementor-widget-tablet_extra__width-initial elementor-widget elementor-widget-heading\" data-id=\"f2ce9e3\" data-element_type=\"widget\" data-widget_type=\"heading.default\">\n\t\t\t\t<div class=\"elementor-widget-container\">\n\t\t\t<h2 class=\"elementor-heading-title elementor-size-default\">The menstrual revolution<\/h2>\t\t<\/div>\n\t\t\t\t<\/div>\n\t\t\t\t<div class=\"elementor-element elementor-element-132a8e5 elementor-widget elementor-widget-text-editor\" data-id=\"132a8e5\" data-element_type=\"widget\" data-widget_type=\"text-editor.default\">\n\t\t\t\t<div class=\"elementor-widget-container\">\n\t\t\t<style>\/*! elementor - v3.13.2 - 11-05-2023 *\/\n.elementor-widget-text-editor.elementor-drop-cap-view-stacked .elementor-drop-cap{background-color:#69727d;color:#fff}.elementor-widget-text-editor.elementor-drop-cap-view-framed .elementor-drop-cap{color:#69727d;border:3px solid;background-color:transparent}.elementor-widget-text-editor:not(.elementor-drop-cap-view-default) .elementor-drop-cap{margin-top:8px}.elementor-widget-text-editor:not(.elementor-drop-cap-view-default) .elementor-drop-cap-letter{width:1em;height:1em}.elementor-widget-text-editor .elementor-drop-cap{float:left;text-align:center;line-height:1;font-size:50px}.elementor-widget-text-editor .elementor-drop-cap-letter{display:inline-block}<\/style>\t\t\t\t<p>Directed by M\u00e9lissa Carlier<\/p><p>Produced by Eve Simonet<\/p><p>Broadcast by On.Suzane<\/p>\t\t\t\t\t\t<\/div>\n\t\t\t\t<\/div>\n\t\t\t\t<div class=\"elementor-element elementor-element-cbcb7e4 elementor-widget elementor-widget-toggle\" data-id=\"cbcb7e4\" data-element_type=\"widget\" data-widget_type=\"toggle.default\">\n\t\t\t\t<div class=\"elementor-widget-container\">\n\t\t\t<style>.elementor-toggle{text-align:left}.elementor-toggle .elementor-tab-title{font-weight:700;line-height:1;margin:0;padding:15px;border-bottom:1px solid #d5d8dc;cursor:pointer;outline:none}.elementor-toggle .elementor-tab-title .elementor-toggle-icon{display:inline-block;width:1em}.elementor-toggle .elementor-tab-title .elementor-toggle-icon svg{-webkit-margin-start:-5px;margin-inline-start:-5px;width:1em;height:1em}.elementor-toggle .elementor-tab-title .elementor-toggle-icon.elementor-toggle-icon-right{float:right;text-align:right}.elementor-toggle .elementor-tab-title .elementor-toggle-icon.elementor-toggle-icon-left{float:left;text-align:left}.elementor-toggle .elementor-tab-title .elementor-toggle-icon .elementor-toggle-icon-closed{display:block}.elementor-toggle .elementor-tab-title .elementor-toggle-icon .elementor-toggle-icon-opened{display:none}.elementor-toggle .elementor-tab-title.elementor-active{border-bottom:none}.elementor-toggle .elementor-tab-title.elementor-active .elementor-toggle-icon-closed{display:none}.elementor-toggle .elementor-tab-title.elementor-active .elementor-toggle-icon-opened{display:block}.elementor-toggle .elementor-tab-content{padding:15px;border-bottom:1px solid #d5d8dc;display:none}@media (max-width:767px){.elementor-toggle .elementor-tab-title{padding:12px}.elementor-toggle .elementor-tab-content{padding:12px 10px}}.e-con-inner>.elementor-widget-toggle,.e-con>.elementor-widget-toggle{width:var(--container-widget-width);--flex-grow:var(--container-widget-flex-grow)}<\/style>\t\t<div class=\"elementor-toggle\" role=\"tablist\">\n\t\t\t\t\t\t\t<div class=\"elementor-toggle-item\">\n\t\t\t\t\t<div id=\"elementor-tab-title-2131\" class=\"elementor-tab-title\" data-tab=\"1\" role=\"tab\" aria-controls=\"elementor-tab-content-2131\" aria-expanded=\"false\">\n\t\t\t\t\t\t\t\t\t\t\t\t<span class=\"elementor-toggle-icon elementor-toggle-icon-left\" aria-hidden=\"true\">\n\t\t\t\t\t\t\t\t\t\t\t\t\t\t\t<span class=\"elementor-toggle-icon-closed\"><svg class=\"e-font-icon-svg e-fas-caret-right\" viewbox=\"0 0 192 512\" xmlns=\"http:\/\/www.w3.org\/2000\/svg\"><path d=\"M0 384.662V127.338c0-17.818 21.543-26.741 34.142-14.142l128.662 128.662c7.81 7.81 7.81 20.474 0 28.284L34.142 398.804C21.543 411.404 0 402.48 0 384.662z\"><\/path><\/svg><\/span>\n\t\t\t\t\t\t\t\t<span class=\"elementor-toggle-icon-opened\"><svg class=\"elementor-toggle-icon-opened e-font-icon-svg e-fas-caret-up\" viewbox=\"0 0 320 512\" xmlns=\"http:\/\/www.w3.org\/2000\/svg\"><path d=\"M288.662 352H31.338c-17.818 0-26.741-21.543-14.142-34.142l128.662-128.662c7.81-7.81 20.474-7.81 28.284 0l128.662 128.662c12.6 12.599 3.676 34.142-14.142 34.142z\"><\/path><\/svg><\/span>\n\t\t\t\t\t\t\t\t\t\t\t\t\t<\/span>\n\t\t\t\t\t\t\t\t\t\t\t\t<a href=\"\" class=\"elementor-toggle-title\">Synopsis<\/a>\n\t\t\t\t\t<\/div>\n\n\t\t\t\t\t<div id=\"elementor-tab-content-2131\" class=\"elementor-tab-content elementor-clearfix\" data-tab=\"1\" role=\"tabpanel\" aria-labelledby=\"elementor-tab-title-2131\"><p>In France, around <strong>15.5 million<\/strong> of women between the ages of 15 and 50 are affected by menstruation. Unfortunately, even today, and for centuries, this event, which affects almost all women, is still a major problem. <strong>450<\/strong> times in their lives, is lived in ignorance, taboo, suffering...<\/p><p>But in recent years, a new paradigm has been emerging, as witnessed by thousands of women around the world. <strong>The menstrual revolution<\/strong>is to bring this new vision to light. Through this documentary, our aim is to reveal a new approach to menstruation, where women are fully able to feel and release their menstrual blood directly in the toilet, reclaiming their bodies. An ability known as <strong>Free Flow Instinctive<\/strong> which seems to have an unexpected impact on these women's lives. Our aim is to dare to shake up beliefs about menstruation and the body's untapped capacities by discovering the research and testimonies of women for whom this phenomenon has changed their lives.<\/p><\/div>\n\t\t\t\t<\/div>\n\t\t\t\t\t\t\t\t\t\t<script type=\"application\/ld+json\">{\"@context\":\"https:\\\/\\\/schema.org\",\"@type\":\"FAQPage\",\"mainEntity\":[{\"@type\":\"Question\",\"name\":\"Synopsis\",\"acceptedAnswer\":{\"@type\":\"Answer\",\"text\":\"<p>En France, environ <strong>15,5 millions<\\\/strong> de femmes de 15 a\\u0300 50 ans sont concerne\\u0301es par les menstruations. Malheureusement, encore aujourd&rsquo;hui, et ce depuis des si\\u00e8cles, cet \\u00e9v\\u00e8nement qui concerne les femmes pr\\u00e8s de <strong>450<\\\/strong> fois dans leur vie, est v\\u00e9cu dans l&rsquo;ignorance, le tabou, la souffrance &#8230;<\\\/p><p>Mais depuis quelques ann\\u00e9es, un nouveau paradigme est en train d&rsquo;\\u00e9clore comme en t\\u00e9moignent des milliers de femmes partout dans le monde. <strong>La r\\u00e9volution menstruelle<\\\/strong>, a pour but de d\\u00e9voiler au grand jour cette nouvelle vision. A travers ce documentaire, notre objectif est de faire d\\u00e9couvrir une nouvelle approche des menstruations, o\\u00f9 les femmes sont en pleine capacit\\u00e9 de ressentir et lib\\u00e9rer leur sang menstruel directement aux toilettes, en se r\\u00e9appropriant leur corps. Une capacit\\u00e9 connue sous le nom de <strong>Flux Libre Instinctif<\\\/strong> et qui semble impacter de mani\\u00e8re inattendue la vie de ces femmes. Notre but est d&rsquo;oser venir bousculer les croyances sur les menstruations et les capacit\\u00e9s inexploit\\u00e9es du corps en d\\u00e9couvrant les recherches et les t\\u00e9moignages de ces femmes pour qui ce ph\\u00e9nom\\u00e8ne a chang\\u00e9 leur vie.<\\\/p>\"}}]}<\/script>\n\t\t\t\t\t<\/div>\n\t\t\t\t<\/div>\n\t\t\t\t<\/div>\n\t\t<div class=\"elementor-element elementor-element-c4f5541 e-con-boxed e-flex e-con\" data-id=\"c4f5541\" data-element_type=\"container\" data-settings=\"{&quot;content_width&quot;:&quot;boxed&quot;}\">\n\t\t\t\t\t<div class=\"e-con-inner\">\n\t\t\t\t<div class=\"elementor-element elementor-element-074dfb1 elementor-align-left elementor-widget elementor-widget-button\" data-id=\"074dfb1\" data-element_type=\"widget\" data-widget_type=\"button.default\">\n\t\t\t\t<div class=\"elementor-widget-container\">\n\t\t\t\t\t<div class=\"elementor-button-wrapper\">\n\t\t\t<a href=\"https:\/\/on-suzane.com\/\" class=\"elementor-button-link elementor-button elementor-size-sm\" role=\"button\">\n\t\t\t\t\t\t<span class=\"elementor-button-content-wrapper\">\n\t\t\t\t\t\t<span class=\"elementor-button-text\">See on On Suzane<\/span>\n\t\t<\/span>\n\t\t\t\t\t<\/a>\n\t\t<\/div>\n\t\t\t\t<\/div>\n\t\t\t\t<\/div>\n\t\t\t\t\t<\/div>\n\t\t\t\t<\/div>\n\t\t\t\t<\/div>\n\t\t<div class=\"elementor-element elementor-element-6a80284 e-con-full e-flex e-con\" data-id=\"6a80284\" data-element_type=\"container\" data-settings=\"{&quot;content_width&quot;:&quot;full&quot;}\">\n\t\t\t\t<div class=\"elementor-element elementor-element-e95f199 elementor-widget elementor-widget-image\" data-id=\"e95f199\" data-element_type=\"widget\" data-widget_type=\"image.default\">\n\t\t\t\t<div class=\"elementor-widget-container\">\n\t\t\t<style>\/*! elementor - v3.13.2 - 11-05-2023 *\/\n.elementor-widget-image{text-align:center}.elementor-widget-image a{display:inline-block}.elementor-widget-image a img[src$=\".svg\"]{width:48px}.elementor-widget-image img{vertical-align:middle;display:inline-block}<\/style>\t\t\t\t\t\t\t\t\t\t\t\t<img decoding=\"async\" width=\"1639\" height=\"2048\" src=\"https:\/\/www.cyclointima.fr\/wp-content\/uploads\/2023\/05\/IMG_2823.JPG-1639x2048.jpg\" class=\"attachment-2048x2048 size-2048x2048 wp-image-447\" alt=\"\" srcset=\"https:\/\/www.cyclointima.fr\/wp-content\/uploads\/2023\/05\/IMG_2823.JPG-1639x2048.jpg 1639w, https:\/\/www.cyclointima.fr\/wp-content\/uploads\/2023\/05\/IMG_2823.JPG-240x300.jpg 240w, https:\/\/www.cyclointima.fr\/wp-content\/uploads\/2023\/05\/IMG_2823.JPG-819x1024.jpg 819w, https:\/\/www.cyclointima.fr\/wp-content\/uploads\/2023\/05\/IMG_2823.JPG-768x960.jpg 768w, https:\/\/www.cyclointima.fr\/wp-content\/uploads\/2023\/05\/IMG_2823.JPG-1229x1536.jpg 1229w, https:\/\/www.cyclointima.fr\/wp-content\/uploads\/2023\/05\/IMG_2823.JPG-scaled.jpg 2048w\" sizes=\"(max-width: 1639px) 100vw, 1639px\" \/>\t\t\t\t\t\t\t\t\t\t\t\t\t\t\t<\/div>\n\t\t\t\t<\/div>\n\t\t\t\t<\/div>\n\t\t\t\t\t<\/div>\n\t\t\t\t<\/div>\n\t\t\t\t\t<\/div>\n\t\t\t\t<\/div>\n\t\t<div class=\"elementor-element elementor-element-0e936c6 e-con-boxed e-flex e-con\" data-id=\"0e936c6\" data-element_type=\"container\" data-settings=\"{&quot;content_width&quot;:&quot;boxed&quot;}\">\n\t\t\t\t\t<div class=\"e-con-inner\">\n\t\t<div class=\"elementor-element elementor-element-f7924ad e-con-full e-flex e-con\" data-id=\"f7924ad\" data-element_type=\"container\" data-settings=\"{&quot;content_width&quot;:&quot;full&quot;}\">\n\t\t\t\t<div class=\"elementor-element elementor-element-e9f9ea0 elementor-widget elementor-widget-video\" data-id=\"e9f9ea0\" data-element_type=\"widget\" data-settings=\"{&quot;video_type&quot;:&quot;hosted&quot;,&quot;controls&quot;:&quot;yes&quot;}\" data-widget_type=\"video.default\">\n\t\t\t\t<div class=\"elementor-widget-container\">\n\t\t\t<style>\/*! elementor - v3.13.2 - 11-05-2023 *\/\n.elementor-widget-video .elementor-widget-container{overflow:hidden;transform:translateZ(0)}.elementor-widget-video .elementor-wrapper{aspect-ratio:var(--video-aspect-ratio)}.elementor-widget-video .elementor-wrapper iframe,.elementor-widget-video .elementor-wrapper video{height:100%;width:100%;display:flex;border:none;background-color:#000}@supports not (aspect-ratio:1\/1){.elementor-widget-video .elementor-wrapper{position:relative;overflow:hidden;height:0;padding-bottom:calc(100% \/ var(--video-aspect-ratio))}.elementor-widget-video .elementor-wrapper iframe,.elementor-widget-video .elementor-wrapper video{position:absolute;top:0;right:0;bottom:0;left:0}}.elementor-widget-video .elementor-open-inline .elementor-custom-embed-image-overlay{position:absolute;top:0;left:0;width:100%;height:100%;background-size:cover;background-position:50%}.elementor-widget-video .elementor-custom-embed-image-overlay{cursor:pointer;text-align:center}.elementor-widget-video .elementor-custom-embed-image-overlay:hover .elementor-custom-embed-play i{opacity:1}.elementor-widget-video .elementor-custom-embed-image-overlay img{display:block;width:100%}.elementor-widget-video .e-hosted-video .elementor-video{-o-object-fit:cover;object-fit:cover}.e-con-inner>.elementor-widget-video,.e-con>.elementor-widget-video{width:var(--container-widget-width);--flex-grow:var(--container-widget-flex-grow)}<\/style>\t\t<div class=\"e-hosted-video elementor-wrapper elementor-open-inline\">\n\t\t\t\t\t<video class=\"elementor-video\" src=\"https:\/\/www.cyclointima.fr\/wp-content\/uploads\/2023\/05\/LA-REVOLUTION-MENSTRUELLE-BANDE-ANNONCE-V2.mp4\" controls=\"\" preload=\"metadata\" controlslist=\"nodownload\"><\/video>\n\t\t\t\t<\/div>\n\t\t\t\t<\/div>\n\t\t\t\t<\/div>\n\t\t\t\t<\/div>\n\t\t\t\t\t<\/div>\n\t\t\t\t<\/div>\n\t\t\t\t\t\t\t<\/div>","protected":false},"excerpt":{"rendered":"<p>Documentary La r\u00e9volution menstruelle Directed by M\u00e9lissa Carlier Produced by Eve Simonet Broadcast by On.Suzane Synopsis In France, some 15.5 million women between the ages of 15 and 50 are affected by menstruation. Unfortunately, even today, and for centuries, this event, which affects women nearly 450 times in their lives, is still [...].<\/p>","protected":false},"author":1,"featured_media":0,"parent":0,"menu_order":0,"comment_status":"closed","ping_status":"closed","template":"elementor_header_footer","meta":{"footnotes":""},"class_list":["post-446","page","type-page","status-publish","hentry"],"acf":[],"yoast_head":"<!-- This site is optimized with the Yoast SEO plugin v20.7 - https:\/\/yoast.com\/wordpress\/plugins\/seo\/ -->\n<title>Documentaire - Cyclo Intima<\/title>\n<meta name=\"robots\" content=\"index, follow, max-snippet:-1, max-image-preview:large, max-video-preview:-1\" \/>\n<link rel=\"canonical\" href=\"https:\/\/www.cyclointima.fr\/en\/documentaire\/\" \/>\n<meta property=\"og:locale\" content=\"en_US\" \/>\n<meta property=\"og:type\" content=\"article\" \/>\n<meta property=\"og:title\" content=\"Documentaire - Cyclo Intima\" \/>\n<meta property=\"og:description\" content=\"Documentaire La r\u00e9volution menstruelle R\u00e9alis\u00e9 par M\u00e9lissa Carlier Produit par Eve Simonet Diffus\u00e9 par On.Suzane Synopsis En France, environ 15,5 millions de femmes de 15 a\u0300 50 ans sont concerne\u0301es par les menstruations. Malheureusement, encore aujourd&#8217;hui, et ce depuis des si\u00e8cles, cet \u00e9v\u00e8nement qui concerne les femmes pr\u00e8s de 450 fois dans leur vie, est [&hellip;]\" \/>\n<meta property=\"og:url\" content=\"https:\/\/www.cyclointima.fr\/en\/documentaire\/\" \/>\n<meta property=\"og:site_name\" content=\"Cyclo Intima\" \/>\n<meta property=\"article:modified_time\" content=\"2023-05-20T07:03:35+00:00\" \/>\n<meta property=\"og:image\" content=\"https:\/\/www.cyclointima.fr\/wp-content\/uploads\/2023\/05\/IMG_2823.JPG-1639x2048.jpg\" \/>\n<meta name=\"twitter:card\" content=\"summary_large_image\" \/>\n<meta name=\"twitter:label1\" content=\"Est. reading time\" \/>\n\t<meta name=\"twitter:data1\" content=\"3 minutes\" \/>\n<script type=\"application\/ld+json\" class=\"yoast-schema-graph\">{\"@context\":\"https:\/\/schema.org\",\"@graph\":[{\"@type\":\"WebPage\",\"@id\":\"https:\/\/www.cyclointima.fr\/documentaire\/\",\"url\":\"https:\/\/www.cyclointima.fr\/documentaire\/\",\"name\":\"Documentaire - Cyclo Intima\",\"isPartOf\":{\"@id\":\"https:\/\/www.cyclointima.fr\/#website\"},\"datePublished\":\"2023-05-15T08:10:40+00:00\",\"dateModified\":\"2023-05-20T07:03:35+00:00\",\"breadcrumb\":{\"@id\":\"https:\/\/www.cyclointima.fr\/documentaire\/#breadcrumb\"},\"inLanguage\":\"en-US\",\"potentialAction\":[{\"@type\":\"ReadAction\",\"target\":[\"https:\/\/www.cyclointima.fr\/documentaire\/\"]}]},{\"@type\":\"BreadcrumbList\",\"@id\":\"https:\/\/www.cyclointima.fr\/documentaire\/#breadcrumb\",\"itemListElement\":[{\"@type\":\"ListItem\",\"position\":1,\"name\":\"Accueil\",\"item\":\"https:\/\/www.cyclointima.fr\/\"},{\"@type\":\"ListItem\",\"position\":2,\"name\":\"Documentaire\"}]},{\"@type\":\"WebSite\",\"@id\":\"https:\/\/www.cyclointima.fr\/#website\",\"url\":\"https:\/\/www.cyclointima.fr\/\",\"name\":\"Cyclo Intima\",\"description\":\"E-learning, contraception naturelle, flux libre instinctif\",\"publisher\":{\"@id\":\"https:\/\/www.cyclointima.fr\/#organization\"},\"potentialAction\":[{\"@type\":\"SearchAction\",\"target\":{\"@type\":\"EntryPoint\",\"urlTemplate\":\"https:\/\/www.cyclointima.fr\/?s={search_term_string}\"},\"query-input\":\"required name=search_term_string\"}],\"inLanguage\":\"en-US\"},{\"@type\":\"Organization\",\"@id\":\"https:\/\/www.cyclointima.fr\/#organization\",\"name\":\"Cyclo Intima\",\"url\":\"https:\/\/www.cyclointima.fr\/\",\"logo\":{\"@type\":\"ImageObject\",\"inLanguage\":\"en-US\",\"@id\":\"https:\/\/www.cyclointima.fr\/#\/schema\/logo\/image\/\",\"url\":\"https:\/\/www.cyclointima.fr\/wp-content\/uploads\/2023\/04\/Logo-Cyclo-intima-trimmed.png\",\"contentUrl\":\"https:\/\/www.cyclointima.fr\/wp-content\/uploads\/2023\/04\/Logo-Cyclo-intima-trimmed.png\",\"width\":2439,\"height\":420,\"caption\":\"Cyclo Intima\"},\"image\":{\"@id\":\"https:\/\/www.cyclointima.fr\/#\/schema\/logo\/image\/\"}}]}<\/script>\n<!-- \/ Yoast SEO plugin. -->","yoast_head_json":{"title":"Documentaire - Cyclo Intima","robots":{"index":"index","follow":"follow","max-snippet":"max-snippet:-1","max-image-preview":"max-image-preview:large","max-video-preview":"max-video-preview:-1"},"canonical":"https:\/\/www.cyclointima.fr\/en\/documentaire\/","og_locale":"en_US","og_type":"article","og_title":"Documentaire - Cyclo Intima","og_description":"Documentaire La r\u00e9volution menstruelle R\u00e9alis\u00e9 par M\u00e9lissa Carlier Produit par Eve Simonet Diffus\u00e9 par On.Suzane Synopsis En France, environ 15,5 millions de femmes de 15 a\u0300 50 ans sont concerne\u0301es par les menstruations. Malheureusement, encore aujourd&#8217;hui, et ce depuis des si\u00e8cles, cet \u00e9v\u00e8nement qui concerne les femmes pr\u00e8s de 450 fois dans leur vie, est [&hellip;]","og_url":"https:\/\/www.cyclointima.fr\/en\/documentaire\/","og_site_name":"Cyclo Intima","article_modified_time":"2023-05-20T07:03:35+00:00","og_image":[{"url":"https:\/\/www.cyclointima.fr\/wp-content\/uploads\/2023\/05\/IMG_2823.JPG-1639x2048.jpg"}],"twitter_card":"summary_large_image","twitter_misc":{"Est. reading time":"3 minutes"},"schema":{"@context":"https:\/\/schema.org","@graph":[{"@type":"WebPage","@id":"https:\/\/www.cyclointima.fr\/documentaire\/","url":"https:\/\/www.cyclointima.fr\/documentaire\/","name":"Documentaire - Cyclo Intima","isPartOf":{"@id":"https:\/\/www.cyclointima.fr\/#website"},"datePublished":"2023-05-15T08:10:40+00:00","dateModified":"2023-05-20T07:03:35+00:00","breadcrumb":{"@id":"https:\/\/www.cyclointima.fr\/documentaire\/#breadcrumb"},"inLanguage":"en-US","potentialAction":[{"@type":"ReadAction","target":["https:\/\/www.cyclointima.fr\/documentaire\/"]}]},{"@type":"BreadcrumbList","@id":"https:\/\/www.cyclointima.fr\/documentaire\/#breadcrumb","itemListElement":[{"@type":"ListItem","position":1,"name":"Accueil","item":"https:\/\/www.cyclointima.fr\/"},{"@type":"ListItem","position":2,"name":"Documentaire"}]},{"@type":"WebSite","@id":"https:\/\/www.cyclointima.fr\/#website","url":"https:\/\/www.cyclointima.fr\/","name":"Cyclo Intima","description":"E-learning, contraception naturelle, flux libre instinctif","publisher":{"@id":"https:\/\/www.cyclointima.fr\/#organization"},"potentialAction":[{"@type":"SearchAction","target":{"@type":"EntryPoint","urlTemplate":"https:\/\/www.cyclointima.fr\/?s={search_term_string}"},"query-input":"required name=search_term_string"}],"inLanguage":"en-US"},{"@type":"Organization","@id":"https:\/\/www.cyclointima.fr\/#organization","name":"Cyclo Intima","url":"https:\/\/www.cyclointima.fr\/","logo":{"@type":"ImageObject","inLanguage":"en-US","@id":"https:\/\/www.cyclointima.fr\/#\/schema\/logo\/image\/","url":"https:\/\/www.cyclointima.fr\/wp-content\/uploads\/2023\/04\/Logo-Cyclo-intima-trimmed.png","contentUrl":"https:\/\/www.cyclointima.fr\/wp-content\/uploads\/2023\/04\/Logo-Cyclo-intima-trimmed.png","width":2439,"height":420,"caption":"Cyclo Intima"},"image":{"@id":"https:\/\/www.cyclointima.fr\/#\/schema\/logo\/image\/"}}]}},"_links":{"self":[{"href":"https:\/\/www.cyclointima.fr\/en\/wp-json\/wp\/v2\/pages\/446","targetHints":{"allow":["GET"]}}],"collection":[{"href":"https:\/\/www.cyclointima.fr\/en\/wp-json\/wp\/v2\/pages"}],"about":[{"href":"https:\/\/www.cyclointima.fr\/en\/wp-json\/wp\/v2\/types\/page"}],"author":[{"embeddable":true,"href":"https:\/\/www.cyclointima.fr\/en\/wp-json\/wp\/v2\/users\/1"}],"replies":[{"embeddable":true,"href":"https:\/\/www.cyclointima.fr\/en\/wp-json\/wp\/v2\/comments?post=446"}],"version-history":[{"count":34,"href":"https:\/\/www.cyclointima.fr\/en\/wp-json\/wp\/v2\/pages\/446\/revisions"}],"predecessor-version":[{"id":1167,"href":"https:\/\/www.cyclointima.fr\/en\/wp-json\/wp\/v2\/pages\/446\/revisions\/1167"}],"wp:attachment":[{"href":"https:\/\/www.cyclointima.fr\/en\/wp-json\/wp\/v2\/media?parent=446"}],"curies":[{"name":"wp","href":"https:\/\/api.w.org\/{rel}","templated":true}]}}